{"id":24,"date":"2026-05-07T13:47:01","date_gmt":"2026-05-07T13:47:01","guid":{"rendered":"http:\/\/flamsnco.fr\/?page_id=24"},"modified":"2026-05-07T13:48:17","modified_gmt":"2026-05-07T13:48:17","slug":"nos-prestations","status":"publish","type":"page","link":"https:\/\/flamsnco.fr\/index.php\/nos-prestations\/","title":{"rendered":"Nos Prestations"},"content":{"rendered":"\n<p class=\"has-text-align-center\">Vous souhaitez organiser un repas, un \u00e9v\u00e9nement, une soir\u00e9e ? En tant que particulier, entreprise ou m\u00eame association ?&nbsp;<\/p>\n\n\n\n<p class=\"has-text-align-center\">Notre \u00e9quipe se d\u00e9place o\u00f9 vous le souhaitez pour pr\u00e9parer de d\u00e9licieuses tartes flamb\u00e9es, croustillantes et savoureuses, pr\u00e9par\u00e9es avec des produits frais et locaux !&nbsp;&nbsp;<\/p>\n\n\n\n<p class=\"has-text-align-center\">Contactez nous&nbsp;:&nbsp;<\/p>\n\n\n\n<p class=\"has-text-align-center\">Par mail :&nbsp;<a href=\"mailto:flamsnco@gmail.com\" target=\"_blank\" rel=\"noreferrer noopener\">flamsnco@gmail.com<\/a><\/p>\n\n\n\n<p class=\"has-text-align-center\">Ou par t\u00e9l\u00e9phone : 07 66 62 56 52<\/p>\n\n\n\n<p class=\"has-text-align-center\">Ou faites nous part de votre demande en cliquant sur \u00ab\u00a0demander un devis\u00a0\u00bb :&nbsp;<\/p>\n\n\n\n<div class=\"wp-block-buttons is-content-justification-center is-layout-flex wp-container-core-buttons-is-layout-16018d1d wp-block-buttons-is-layout-flex\">\n<div class=\"wp-block-button\"><a class=\"wp-block-button__link wp-element-button\">Demander un devis<\/a><\/div>\n<\/div>\n\n\n\n<h2 class=\"wp-block-heading has-text-align-center\">Nos prestations en image<\/h2>\n\n\n\n<figure class=\"wp-block-gallery has-nested-images columns-default is-cropped wp-block-gallery-1 is-layout-flex wp-block-gallery-is-layout-flex\">\n<figure class=\"wp-block-image size-large\"><img loading=\"lazy\" decoding=\"async\" width=\"1024\" height=\"768\" data-id=\"13\" src=\"http:\/\/flamsnco.fr\/wp-content\/uploads\/2026\/05\/camion-flams-1024x768.jpeg\" alt=\"\" class=\"wp-image-13\" srcset=\"https:\/\/flamsnco.fr\/wp-content\/uploads\/2026\/05\/camion-flams-1024x768.jpeg 1024w, https:\/\/flamsnco.fr\/wp-content\/uploads\/2026\/05\/camion-flams-300x225.jpeg 300w, https:\/\/flamsnco.fr\/wp-content\/uploads\/2026\/05\/camion-flams-768x576.jpeg 768w, https:\/\/flamsnco.fr\/wp-content\/uploads\/2026\/05\/camion-flams.jpeg 1080w\" sizes=\"auto, (max-width: 1024px) 100vw, 1024px\" \/><\/figure>\n\n\n\n<figure class=\"wp-block-image size-large\"><img loading=\"lazy\" decoding=\"async\" width=\"1024\" height=\"768\" data-id=\"12\" src=\"http:\/\/flamsnco.fr\/wp-content\/uploads\/2026\/05\/camion-stade-1024x768.jpeg\" alt=\"\" class=\"wp-image-12\" srcset=\"https:\/\/flamsnco.fr\/wp-content\/uploads\/2026\/05\/camion-stade-1024x768.jpeg 1024w, https:\/\/flamsnco.fr\/wp-content\/uploads\/2026\/05\/camion-stade-300x225.jpeg 300w, https:\/\/flamsnco.fr\/wp-content\/uploads\/2026\/05\/camion-stade-768x576.jpeg 768w, https:\/\/flamsnco.fr\/wp-content\/uploads\/2026\/05\/camion-stade.jpeg 1080w\" sizes=\"auto, (max-width: 1024px) 100vw, 1024px\" \/><\/figure>\n\n\n\n<figure class=\"wp-block-image size-large\"><img loading=\"lazy\" decoding=\"async\" width=\"1024\" height=\"768\" data-id=\"11\" src=\"http:\/\/flamsnco.fr\/wp-content\/uploads\/2026\/05\/camion-ferme-1024x768.jpeg\" alt=\"\" class=\"wp-image-11\" srcset=\"https:\/\/flamsnco.fr\/wp-content\/uploads\/2026\/05\/camion-ferme-1024x768.jpeg 1024w, https:\/\/flamsnco.fr\/wp-content\/uploads\/2026\/05\/camion-ferme-300x225.jpeg 300w, https:\/\/flamsnco.fr\/wp-content\/uploads\/2026\/05\/camion-ferme-768x576.jpeg 768w, https:\/\/flamsnco.fr\/wp-content\/uploads\/2026\/05\/camion-ferme.jpeg 1080w\" sizes=\"auto, (max-width: 1024px) 100vw, 1024px\" \/><\/figure>\n<\/figure>\n","protected":false},"excerpt":{"rendered":"<p>Vous souhaitez organiser un repas, un \u00e9v\u00e9nement, une soir\u00e9e ? En tant que particulier, entreprise ou m\u00eame association ?&nbsp; Notre \u00e9quipe se d\u00e9place o\u00f9 vous le souhaitez pour pr\u00e9parer de d\u00e9licieuses tartes flamb\u00e9es, croustillantes et savoureuses, pr\u00e9par\u00e9es avec des produits frais et locaux !&nbsp;&nbsp; Contactez nous&nbsp;:&nbsp; Par mail :&nbsp;flamsnco@gmail.com Ou par t\u00e9l\u00e9phone : 07 66 &hellip; <\/p>\n","protected":false},"author":1,"featured_media":0,"parent":0,"menu_order":0,"comment_status":"closed","ping_status":"closed","template":"","meta":{"footnotes":""},"class_list":["post-24","page","type-page","status-publish","hentry"],"_links":{"self":[{"href":"https:\/\/flamsnco.fr\/index.php\/wp-json\/wp\/v2\/pages\/24","targetHints":{"allow":["GET"]}}],"collection":[{"href":"https:\/\/flamsnco.fr\/index.php\/wp-json\/wp\/v2\/pages"}],"about":[{"href":"https:\/\/flamsnco.fr\/index.php\/wp-json\/wp\/v2\/types\/page"}],"author":[{"embeddable":true,"href":"https:\/\/flamsnco.fr\/index.php\/wp-json\/wp\/v2\/users\/1"}],"replies":[{"embeddable":true,"href":"https:\/\/flamsnco.fr\/index.php\/wp-json\/wp\/v2\/comments?post=24"}],"version-history":[{"count":4,"href":"https:\/\/flamsnco.fr\/index.php\/wp-json\/wp\/v2\/pages\/24\/revisions"}],"predecessor-version":[{"id":28,"href":"https:\/\/flamsnco.fr\/index.php\/wp-json\/wp\/v2\/pages\/24\/revisions\/28"}],"wp:attachment":[{"href":"https:\/\/flamsnco.fr\/index.php\/wp-json\/wp\/v2\/media?parent=24"}],"curies":[{"name":"wp","href":"https:\/\/api.w.org\/{rel}","templated":true}]}}